{"id":708,"date":"2023-08-31T13:58:36","date_gmt":"2023-08-31T11:58:36","guid":{"rendered":"https:\/\/www.blackbirdstudios.net\/?post_type=product&#038;p=708"},"modified":"2026-01-09T14:57:46","modified_gmt":"2026-01-09T12:57:46","slug":"creation-dun-site-vitrine-wordpress-cle-en-main","status":"publish","type":"product","link":"https:\/\/www.blackbirdstudios.net\/en\/product\/creation-dun-site-vitrine-wordpress-cle-en-main\/","title":{"rendered":"Creation of a turnkey WordPress showcase website"},"content":{"rendered":"<p>Installation WordPress 6.x et param\u00e9trage (logo, informations g\u00e9n\u00e9rales, comptes).<br \/>\nInstallation et param\u00e9trage de plugins basiques (Loco Translate, Elementor&#8230;).<br \/>\nInstallation et param\u00e9trage du th\u00e8me professionnel WordPress.<br \/>\n1 page d&rsquo;accueil et 5 pages de contenu pour bien d\u00e9marrer (accueil, mentions l\u00e9gales, \u00e0 propos, contact&#8230;).<\/p>\n<p>Note :<br \/>\n&#8211; le contenu \u00e0 int\u00e9grer doit \u00eatre fourni par le client (textes, images, logos, vid\u00e9os, audios&#8230;)<br \/>\n&#8211; H\u00e9bergement \/ Nom de domaine sont \u00e0 vos frais (recommandation : offre unique chez o2Switch)<br \/>\n&#8211; le th\u00e8me WordPress peut \u00eatre fourni ou propos\u00e9 \u00e0 partir d&rsquo;une s\u00e9lection de th\u00e8mes professionnels ThemeForest pour WordPress (pr\u00e9voir entre 20 et 80\u20ac suppl\u00e9mentaires pour l&rsquo;achat du th\u00e8me)<\/p>\n<p>Possibilit\u00e9 d&rsquo;ajouter un module eBoutique WooCommerce (voir options).<\/p>\n<p>Le d\u00e9lai de livraison du site peut prendre de 10 \u00e0 30 jours suivant la complexit\u00e9 du projet.<br \/>\nUne premi\u00e8re version sera mise en ligne apr\u00e8s 7 jours avec r\u00e9vision possible.<\/p>\n<p>Une maintenance mensuelle est conseill\u00e9e. Le 1er mois de maintenance WordPress est offert et sans engagement. Possibilit\u00e9 de passer sur un forfait de maintenance premium.<\/p>","protected":false},"excerpt":{"rendered":"<p>Cr\u00e9ation d&rsquo;un site vitrine WordPress cl\u00e9 en main.<\/p>","protected":false},"featured_media":709,"comment_status":"open","ping_status":"closed","template":"","meta":[],"product_brand":[],"product_cat":[72,70],"product_tag":[],"class_list":{"0":"post-708","1":"product","2":"type-product","3":"status-publish","4":"has-post-thumbnail","6":"product_cat-prestation-de-service-informatique","7":"product_cat-prestation-wordpress-fr","9":"first","10":"outofstock","11":"shipping-taxable","12":"purchasable","13":"product-type-variable"},"_links":{"self":[{"href":"https:\/\/www.blackbirdstudios.net\/en\/wp-json\/wp\/v2\/product\/708","targetHints":{"allow":["GET"]}}],"collection":[{"href":"https:\/\/www.blackbirdstudios.net\/en\/wp-json\/wp\/v2\/product"}],"about":[{"href":"https:\/\/www.blackbirdstudios.net\/en\/wp-json\/wp\/v2\/types\/product"}],"replies":[{"embeddable":true,"href":"https:\/\/www.blackbirdstudios.net\/en\/wp-json\/wp\/v2\/comments?post=708"}],"wp:featuredmedia":[{"embeddable":true,"href":"https:\/\/www.blackbirdstudios.net\/en\/wp-json\/wp\/v2\/media\/709"}],"wp:attachment":[{"href":"https:\/\/www.blackbirdstudios.net\/en\/wp-json\/wp\/v2\/media?parent=708"}],"wp:term":[{"taxonomy":"product_brand","embeddable":true,"href":"https:\/\/www.blackbirdstudios.net\/en\/wp-json\/wp\/v2\/product_brand?post=708"},{"taxonomy":"product_cat","embeddable":true,"href":"https:\/\/www.blackbirdstudios.net\/en\/wp-json\/wp\/v2\/product_cat?post=708"},{"taxonomy":"product_tag","embeddable":true,"href":"https:\/\/www.blackbirdstudios.net\/en\/wp-json\/wp\/v2\/product_tag?post=708"}],"curies":[{"name":"wp","href":"https:\/\/api.w.org\/{rel}","templated":true}]}}